{"id":357,"date":"2021-09-06T18:45:23","date_gmt":"2021-09-06T18:45:23","guid":{"rendered":"https:\/\/mclogisticenterprises.com\/wp\/?page_id=357"},"modified":"2021-09-06T19:41:59","modified_gmt":"2021-09-06T19:41:59","slug":"casa","status":"publish","type":"page","link":"https:\/\/mclogisticenterprises.com\/wp\/casa\/","title":{"rendered":"Casa"},"content":{"rendered":"<p>ENV\u00cdOS DE MENSAJER\u00cdA A\u00c9REA Y MAR\u00cdTIMA<\/p>\n<h2>Competitivo y<\/h2>\n<h2>Precios accesibles<\/h2>\n<p>\t\t\t<a href=\"\/quien-somos\/\" role=\"button\"><br \/>\n\t\t\t\t\t\tAprenda Mas<br \/>\n\t\t\t\t\t<\/a><br \/>\n\t\t\t\t\t\t\t\t\t\t\t\t<img decoding=\"async\" src=\"https:\/\/mclogisticenterprises.com\/wp\/wp-content\/uploads\/2020\/11\/MC-Cargo-Home-150x150.png\" title=\"MC-Cargo-Home\" alt=\"MC-Cargo-Home\" \/><br \/>\n\t\t\t\t\t\t\t\t\t\t\t\t<img decoding=\"async\" src=\"https:\/\/mclogisticenterprises.com\/wp\/wp-content\/uploads\/elementor\/thumbs\/MC-Cargo-HP-3-oxvxgwslihbkha8hso7utyi9deo3eju57iqkou8uv4.png\" title=\"MC-Cargo-HP-3\" alt=\"MC-Cargo-HP-3\" \/><br \/>\n\t\t\t\t\t\t\t\t\t\t\t\t<img decoding=\"async\" width=\"50\" height=\"50\" src=\"https:\/\/mclogisticenterprises.com\/wp\/wp-content\/uploads\/2020\/11\/Americas-Icon.png\" alt=\"\" loading=\"lazy\" \/>\t\t\t\t\t\t\t\t\t\t\t\t\t\t<\/p>\n<h4>TRANSPORTISTA CERTIFICADO POR TSA<\/h4>\n<h1>Somos l\u00edderes en transitarios a\u00e9reos para Am\u00e9rica Latina<\/h1>\n<p>Con m\u00e1s de 15 a\u00f1os de experiencia y l\u00edder en la industria del transporte de carga, MC Logistic facilita el env\u00edo transfronterizo. Manejamos todo, desde paquetes peque\u00f1os hasta carga y cumplimiento. \u00a1Servimos a cientos de empresas de m\u00e1s de 10 pa\u00edses en Am\u00e9rica Central y del Sur!<br \/>\nEstamos a un tel\u00e9fono y \/ o mensaje de precios competitivos y accesibles para todo tipo de mercader\u00eda.<\/p>\n<ul>\n<li>\n\t\t\t\t\t\t\t\t\t\tEnv\u00edos de mensajer\u00eda a\u00e9rea\n\t\t\t\t\t\t\t\t\t<\/li>\n<li>\n\t\t\t\t\t\t\t\t\t\tCarga general y consolidaci\u00f3n\n\t\t\t\t\t\t\t\t\t<\/li>\n<li>\n\t\t\t\t\t\t\t\t\t\tImportaci\u00f3n y exportaci\u00f3n\n\t\t\t\t\t\t\t\t\t<\/li>\n<li>\n\t\t\t\t\t\t\t\t\t\tAlquiler de espacio de almac\u00e9n\n\t\t\t\t\t\t\t\t\t<\/li>\n<li>\n\t\t\t\t\t\t\t\t\t\tEntrega y recogida en EE. UU.\n\t\t\t\t\t\t\t\t\t<\/li>\n<\/ul>\n<p>\t\t\t<a href=\"\/nuestro-servicios\/\" role=\"button\"><br \/>\n\t\t\t\t\t\tAprenda Mas<br \/>\n\t\t\t\t\t<\/a><\/p>\n<h4>NUESTROS SERVICIOS<\/h4>\n<h1>Transporte de Carga Simplificado<\/h1>\n<figure>\n\t\t\t\t\t\t\t\t\t\t<img decoding=\"async\" width=\"1110\" height=\"843\" src=\"https:\/\/mclogisticenterprises.com\/wp\/wp-content\/uploads\/2020\/11\/Air-services.jpg\" alt=\"\" loading=\"lazy\" srcset=\"https:\/\/mclogisticenterprises.com\/wp\/wp-content\/uploads\/2020\/11\/Air-services.jpg 1110w, https:\/\/mclogisticenterprises.com\/wp\/wp-content\/uploads\/2020\/11\/Air-services-300x228.jpg 300w, https:\/\/mclogisticenterprises.com\/wp\/wp-content\/uploads\/2020\/11\/Air-services-1024x778.jpg 1024w, https:\/\/mclogisticenterprises.com\/wp\/wp-content\/uploads\/2020\/11\/Air-services-768x583.jpg 768w\" sizes=\"auto, (max-width: 1110px) 100vw, 1110px\" \/><figcaption>Existe una raz\u00f3n por la cual las empresas que ofrecen env\u00edo est\u00e1ndar y las que ofrecen env\u00edo expr\u00e9s dependen del transporte a\u00e9reo para hacer el trabajo. La forma m\u00e1s r\u00e1pida y segura de importar y exportar mercanc\u00edas a nivel internacional es por v\u00eda a\u00e9rea.<\/figcaption><\/figure>\n<figure>\n\t\t\t\t\t\t\t\t\t\t<img decoding=\"async\" width=\"1110\" height=\"843\" src=\"https:\/\/mclogisticenterprises.com\/wp\/wp-content\/uploads\/2020\/11\/Warehouse-services.jpg\" alt=\"\" loading=\"lazy\" srcset=\"https:\/\/mclogisticenterprises.com\/wp\/wp-content\/uploads\/2020\/11\/Warehouse-services.jpg 1110w, https:\/\/mclogisticenterprises.com\/wp\/wp-content\/uploads\/2020\/11\/Warehouse-services-300x228.jpg 300w, https:\/\/mclogisticenterprises.com\/wp\/wp-content\/uploads\/2020\/11\/Warehouse-services-1024x778.jpg 1024w, https:\/\/mclogisticenterprises.com\/wp\/wp-content\/uploads\/2020\/11\/Warehouse-services-768x583.jpg 768w\" sizes=\"auto, (max-width: 1110px) 100vw, 1110px\" \/><figcaption>La empresa en la que conf\u00eda para un env\u00edo r\u00e1pido y eficiente al extranjero es tambi\u00e9n la \u00fanica empresa que necesita para el almacenamiento comercial. Uno de los principales desaf\u00edos para varias empresas es encontrar servicios de almacenamiento de productos confiables.<\/figcaption><\/figure>\n<figure>\n\t\t\t\t\t\t\t\t\t\t<img decoding=\"async\" width=\"1110\" height=\"843\" src=\"https:\/\/mclogisticenterprises.com\/wp\/wp-content\/uploads\/2020\/11\/tracking-services.jpg\" alt=\"\" loading=\"lazy\" srcset=\"https:\/\/mclogisticenterprises.com\/wp\/wp-content\/uploads\/2020\/11\/tracking-services.jpg 1110w, https:\/\/mclogisticenterprises.com\/wp\/wp-content\/uploads\/2020\/11\/tracking-services-300x228.jpg 300w, https:\/\/mclogisticenterprises.com\/wp\/wp-content\/uploads\/2020\/11\/tracking-services-1024x778.jpg 1024w, https:\/\/mclogisticenterprises.com\/wp\/wp-content\/uploads\/2020\/11\/tracking-services-768x583.jpg 768w\" sizes=\"auto, (max-width: 1110px) 100vw, 1110px\" \/><figcaption>El seguimiento es un servicio que MC Logistics incluye con cada env\u00edo que manejamos. Nuestro seguimiento b\u00e1sico le permitir\u00e1 buscar todos los detalles de su env\u00edo y exportarlos a Excel.<\/figcaption><\/figure>\n<p>\t\t\t\t\t\t\t\t\t\t\t\t<img decoding=\"async\" width=\"580\" height=\"312\" src=\"https:\/\/mclogisticenterprises.com\/wp\/wp-content\/uploads\/2020\/12\/plane-icon-1024x551.png\" alt=\"\" loading=\"lazy\" srcset=\"https:\/\/mclogisticenterprises.com\/wp\/wp-content\/uploads\/2020\/12\/plane-icon-1024x551.png 1024w, https:\/\/mclogisticenterprises.com\/wp\/wp-content\/uploads\/2020\/12\/plane-icon-300x161.png 300w, https:\/\/mclogisticenterprises.com\/wp\/wp-content\/uploads\/2020\/12\/plane-icon-768x413.png 768w, https:\/\/mclogisticenterprises.com\/wp\/wp-content\/uploads\/2020\/12\/plane-icon-1536x826.png 1536w, https:\/\/mclogisticenterprises.com\/wp\/wp-content\/uploads\/2020\/12\/plane-icon-2048x1102.png 2048w, https:\/\/mclogisticenterprises.com\/wp\/wp-content\/uploads\/2020\/12\/plane-icon-1200x645.png 1200w, https:\/\/mclogisticenterprises.com\/wp\/wp-content\/uploads\/2020\/12\/plane-icon-1980x1065.png 1980w\" sizes=\"auto, (max-width: 580px) 100vw, 580px\" \/><br \/>\n\t\t\tCotizaciones de flete a\u00e9reo m\u00e1s bajas para las Am\u00e9ricas<br \/>\n\t\t\t<a href=\"\/contacto\/\" role=\"button\"><br \/>\n\t\t\t\t\t\tSolicitar presupuesto<br \/>\n\t\t\t\t\t<\/a><\/p>\n<h4>N\u00daMEROS HABLA<\/h4>\n<h2>Estamos comprometidos a brindar el mejor servicio a todos los clientes.<\/h2>\n<p>\t\t\t\t0<\/p>\n<h4>Vuelos por a\u00f1o<\/h4>\n<p>\t\t\t\t0<\/p>\n<h4>Cargos anuales del cliente<\/h4>\n<p>\t\t\t\t0<\/p>\n<h4>Paises internacionales<\/h4>\n<p>\t\t\t\t0<\/p>\n<h4>Clientes felices<\/h4>\n<figure><img decoding=\"async\" src=\"https:\/\/mclogisticenterprises.com\/wp\/wp-content\/uploads\/2020\/12\/usa.png\" alt=\"usa\" \/><\/figure>\n<figure><img decoding=\"async\" src=\"https:\/\/mclogisticenterprises.com\/wp\/wp-content\/uploads\/2020\/12\/argentina.png\" alt=\"argentina\" \/><\/figure>\n<figure><img decoding=\"async\" src=\"https:\/\/mclogisticenterprises.com\/wp\/wp-content\/uploads\/2020\/12\/salvador.png\" alt=\"salvador\" \/><\/figure>\n<figure><img decoding=\"async\" src=\"https:\/\/mclogisticenterprises.com\/wp\/wp-content\/uploads\/2020\/12\/colombia.png\" alt=\"colombia\" \/><\/figure>\n<figure><img decoding=\"async\" src=\"https:\/\/mclogisticenterprises.com\/wp\/wp-content\/uploads\/2020\/12\/mexico.png\" alt=\"mexico\" \/><\/figure>\n<figure><img decoding=\"async\" src=\"https:\/\/mclogisticenterprises.com\/wp\/wp-content\/uploads\/2020\/12\/nicaragua.png\" alt=\"nicaragua\" \/><\/figure>\n<figure><img decoding=\"async\" src=\"https:\/\/mclogisticenterprises.com\/wp\/wp-content\/uploads\/2020\/12\/panama.png\" alt=\"panama\" \/><\/figure>\n<h4>POR QU\u00c9 ELEGIRNOS<\/h4>\n<h1>Somos los m\u00e1s confiables<\/h1>\n<h1>flete a\u00e9reo en el sur de Florida<\/h1>\n<p>\t\t\t01\t\t<\/p>\n<p>Servicio de Calidad en toda Latinoam\u00e9rica con m\u00e1s de 15 a\u00f1os de Experiencia<\/p>\n<p>\t\t\t02\t\t<\/p>\n<p>\u00bfQuiere consolidar su env\u00edo? Podemos almacenar sus art\u00edculos con nuestros servicios de almacenamiento.<\/p>\n<p>\t\t\t03\t\t<\/p>\n<p>Ofrecemos descuentos corporativos a empresas que env\u00edan mensualmente m\u00e1s de 2000 libras por mes<\/p>\n<p>\t\t\t<a href=\"#\" role=\"button\"><br \/>\n\t\t\t\t\t\tAprenda Mas<br \/>\n\t\t\t\t\t<\/a><br \/>\n\t\t\t\t\t\t\t\t\t\t\t\t<img decoding=\"async\" src=\"https:\/\/mclogisticenterprises.com\/wp\/wp-content\/uploads\/elementor\/thumbs\/FreightBanner-oz8h3lnku1sgsbpqnivo1lkrw5s3l94zb0dbm4sq9s.jpg\" title=\"FreightBanner\" alt=\"FreightBanner\" \/><br \/>\n\t\t\t\t\t\t\t\t\t\t\t\t<img decoding=\"async\" src=\"https:\/\/mclogisticenterprises.com\/wp\/wp-content\/uploads\/elementor\/thumbs\/services-oz8jpgtf3h9z45wgcdhoaxd95iyxj5g8of1yc7fw4a.jpg\" title=\"services\" alt=\"services\" \/><br \/>\n\t\t#<br \/>\n\t\t\t\u00bfD\u00f3nde se almacena<br \/>\n\t\t\ty env\u00eda su env\u00edo?<br \/>\n\t\t\tNO DUDE EN CONTACTARNOS\t\t<\/p>\n<h2>Para un mejor futuro y negocios, comencemos ahora<\/h2>\n<p>\t\t\t<a href=\"#\" role=\"button\"><br \/>\n\t\t\t\t\t\tDescubrir m\u00e1s<br \/>\n\t\t\t\t\t<\/a><\/p>\n","protected":false},"excerpt":{"rendered":"<p>ENV\u00cdOS DE MENSAJER\u00cdA A\u00c9REA Y MAR\u00cdTIMA Competitivo y Precios accesibles Aprenda Mas TRANSPORTISTA CERTIFICADO POR TSA Somos l\u00edderes en transitarios a\u00e9reos para Am\u00e9rica Latina Con m\u00e1s de 15 a\u00f1os de experiencia y l\u00edder en la industria del transporte de carga, MC Logistic facilita el env\u00edo transfronterizo. Manejamos todo, desde paquetes peque\u00f1os hasta carga y cumplimiento. [&hellip;]<\/p>\n","protected":false},"author":1,"featured_media":0,"parent":0,"menu_order":0,"comment_status":"closed","ping_status":"closed","template":"elementor_header_footer","meta":{"footnotes":""},"class_list":["post-357","page","type-page","status-publish","hentry"],"_links":{"self":[{"href":"https:\/\/mclogisticenterprises.com\/wp\/wp-json\/wp\/v2\/pages\/357","targetHints":{"allow":["GET"]}}],"collection":[{"href":"https:\/\/mclogisticenterprises.com\/wp\/wp-json\/wp\/v2\/pages"}],"about":[{"href":"https:\/\/mclogisticenterprises.com\/wp\/wp-json\/wp\/v2\/types\/page"}],"author":[{"embeddable":true,"href":"https:\/\/mclogisticenterprises.com\/wp\/wp-json\/wp\/v2\/users\/1"}],"replies":[{"embeddable":true,"href":"https:\/\/mclogisticenterprises.com\/wp\/wp-json\/wp\/v2\/comments?post=357"}],"version-history":[{"count":16,"href":"https:\/\/mclogisticenterprises.com\/wp\/wp-json\/wp\/v2\/pages\/357\/revisions"}],"predecessor-version":[{"id":387,"href":"https:\/\/mclogisticenterprises.com\/wp\/wp-json\/wp\/v2\/pages\/357\/revisions\/387"}],"wp:attachment":[{"href":"https:\/\/mclogisticenterprises.com\/wp\/wp-json\/wp\/v2\/media?parent=357"}],"curies":[{"name":"wp","href":"https:\/\/api.w.org\/{rel}","templated":true}]}}